{"id":812,"date":"2019-02-19T14:50:03","date_gmt":"2019-02-19T19:50:03","guid":{"rendered":"http:\/\/idcanada.flywheelsites.com\/?page_id=812"},"modified":"2019-09-30T09:32:27","modified_gmt":"2019-09-30T13:32:27","slug":"joignez-vous-a-dic","status":"publish","type":"page","link":"https:\/\/idcanada.org\/fr\/joignez-vous-a-dic\/","title":{"rendered":"joignez-vous \u00e0 DIC"},"content":{"rendered":"<p>[et_pb_section fb_built=\u00a0\u00bb1&Prime; fullwidth=\u00a0\u00bbon\u00a0\u00bb module_class=\u00a0\u00bbabout-inside-page \u00a0\u00bb _builder_version=\u00a0\u00bb3.22&Prime; fb_built=\u00a0\u00bb1&Prime; bb_built=\u00a0\u00bb1&Prime; _i=\u00a0\u00bb0&Prime; _address=\u00a0\u00bb0&Prime;][et_pb_fullwidth_header title=\u00a0\u00bbjoignez-vous \u00e0 DIC\u00a0\u00bb _builder_version=\u00a0\u00bb3.20.2&Prime; background_color=\u00a0\u00bbrgba(141,198,63,0)\u00a0\u00bb background_image=\u00a0\u00bbhttps:\/\/idcanada.org\/wp-content\/uploads\/2019\/03\/join-idc.png\u00a0\u00bb background_layout=\u00a0\u00bblight\u00a0\u00bb _i=\u00a0\u00bb0&Prime; _address=\u00a0\u00bb0.0&Prime;][\/et_pb_fullwidth_header][\/et_pb_section][et_pb_section fb_built=\u00a0\u00bb1&Prime; module_class=\u00a0\u00bbjoin-idc\u00a0\u00bb _builder_version=\u00a0\u00bb3.22&Prime; background_color=\u00a0\u00bb#ffffff\u00a0\u00bb custom_margin=\u00a0\u00bb|70px||70px\u00a0\u00bb fb_built=\u00a0\u00bb1&Prime; bb_built=\u00a0\u00bb1&Prime; _i=\u00a0\u00bb1&Prime; _address=\u00a0\u00bb1&Prime;][et_pb_row module_class=\u00a0\u00bboverlap\u00a0\u00bb _builder_version=\u00a0\u00bb3.25&Prime; background_color=\u00a0\u00bb#ffffff\u00a0\u00bb custom_width_px=\u00a0\u00bb1140px\u00a0\u00bb _i=\u00a0\u00bb0&Prime; _address=\u00a0\u00bb1.0&Prime;][et_pb_column type=\u00a0\u00bb4_4&Prime; _builder_version=\u00a0\u00bb3.0.47&Prime; custom_padding=\u00a0\u00bb|||\u00a0\u00bb custom_padding__hover=\u00a0\u00bb|||\u00a0\u00bb _i=\u00a0\u00bb0&Prime; _address=\u00a0\u00bb1.0.0&Prime;][et_pb_text admin_label=\u00a0\u00bbjoin IDC\u00a0\u00bb _builder_version=\u00a0\u00bb3.27.4&Prime; _i=\u00a0\u00bb0&Prime; _address=\u00a0\u00bb1.0.0.0&Prime;]<\/p>\n<h3>En tant qu\u2019organisme de promotion de la profession, DIC repr\u00e9sente plus de\u00a0 5 000 membres incluant les designers d\u2019int\u00e9rieur pleinement agr\u00e9\u00e9s, les membres stagiaires (qui n\u2019ont pas encore fait leurs examens d\u2019admission), membres \u00e9tudiants, enseignants et retrait\u00e9s.<\/h3>\n<p>En outre, plus de 200 fabricants et fournisseurs qui offrent des produits et services aux entreprises et aux projets de design d\u2019int\u00e9rieur adh\u00e8rent \u00e0 l\u2019association \u00e0 titre de membres de l\u2019industrie.<\/p>\n<p>[\/et_pb_text][\/et_pb_column][\/et_pb_row][et_pb_row column_structure=\u00a0\u00bb1_2,1_2&Prime; _builder_version=\u00a0\u00bb3.25&Prime; background_size=\u00a0\u00bbinitial\u00a0\u00bb background_position=\u00a0\u00bbtop_left\u00a0\u00bb background_repeat=\u00a0\u00bbrepeat\u00a0\u00bb _i=\u00a0\u00bb1&Prime; _address=\u00a0\u00bb1.1&Prime;][et_pb_column type=\u00a0\u00bb1_2&Prime; _builder_version=\u00a0\u00bb3.0.47&Prime; custom_padding=\u00a0\u00bb|||\u00a0\u00bb custom_padding__hover=\u00a0\u00bb|||\u00a0\u00bb _i=\u00a0\u00bb0&Prime; _address=\u00a0\u00bb1.1.0&Prime;][et_pb_number_counter title=\u00a0\u00bbmembres\u00a0\u00bb number=\u00a0\u00bb5000&Prime; percent_sign=\u00a0\u00bboff\u00a0\u00bb module_class=\u00a0\u00bbplus-members\u00a0\u00bb _builder_version=\u00a0\u00bb3.27.2&Prime; title_level=\u00a0\u00bbh4&Prime; number_font=\u00a0\u00bb|700|||||||\u00a0\u00bb _i=\u00a0\u00bb0&Prime; _address=\u00a0\u00bb1.1.0.0&Prime;][\/et_pb_number_counter][\/et_pb_column][et_pb_column type=\u00a0\u00bb1_2&Prime; _builder_version=\u00a0\u00bb3.0.47&Prime; custom_padding=\u00a0\u00bb|||\u00a0\u00bb custom_padding__hover=\u00a0\u00bb|||\u00a0\u00bb _i=\u00a0\u00bb1&Prime; _address=\u00a0\u00bb1.1.1&Prime;][et_pb_number_counter title=\u00a0\u00bbfabricants et fournisseurs\u00a0\u00bb number=\u00a0\u00bb200&Prime; percent_sign=\u00a0\u00bboff\u00a0\u00bb _builder_version=\u00a0\u00bb3.20.2&Prime; title_level=\u00a0\u00bbh4&Prime; number_font=\u00a0\u00bb|700|||||||\u00a0\u00bb _i=\u00a0\u00bb0&Prime; _address=\u00a0\u00bb1.1.1.0&Prime;][\/et_pb_number_counter][\/et_pb_column][\/et_pb_row][\/et_pb_section][et_pb_section fb_built=\u00a0\u00bb1&Prime; module_class=\u00a0\u00bbbecome-member\u00a0\u00bb _builder_version=\u00a0\u00bb3.22&Prime; fb_built=\u00a0\u00bb1&Prime; bb_built=\u00a0\u00bb1&Prime; _i=\u00a0\u00bb2&Prime; _address=\u00a0\u00bb2&Prime;][et_pb_row _builder_version=\u00a0\u00bb3.25&Prime; background_size=\u00a0\u00bbinitial\u00a0\u00bb background_position=\u00a0\u00bbtop_left\u00a0\u00bb background_repeat=\u00a0\u00bbrepeat\u00a0\u00bb _i=\u00a0\u00bb0&Prime; _address=\u00a0\u00bb2.0&Prime;][et_pb_column type=\u00a0\u00bb4_4&Prime; _builder_version=\u00a0\u00bb3.0.47&Prime; custom_padding=\u00a0\u00bb|||\u00a0\u00bb custom_padding__hover=\u00a0\u00bb|||\u00a0\u00bb _i=\u00a0\u00bb0&Prime; _address=\u00a0\u00bb2.0.0&Prime;][et_pb_text admin_label=\u00a0\u00bbDevenez membre\u00a0\u00bb _builder_version=\u00a0\u00bb3.27.4&Prime; _i=\u00a0\u00bb0&Prime; _address=\u00a0\u00bb2.0.0.0&Prime;]<\/p>\n<h2>Devenez membre<\/h2>\n<p>Fond\u00e9e en 1972, Designers d\u2019int\u00e9rieur du Canada (DIC) est l\u2019association nationale de promotion de la profession du design d\u2019int\u00e9rieur. \u00c0 titre d\u2019organisme national de repr\u00e9sentation de la profession du design d\u2019int\u00e9rieur, nous sommes d\u00e9termin\u00e9s \u00e0 offrir \u00e0 nos membres des services et produits de qualit\u00e9 qui leur procurent des avantages mesurables \u00e0 tous les stades de leur carri\u00e8re. Nous travaillons \u00e9galement \u00e0 faire reconna\u00eetre la profession aupr\u00e8s des gouvernements et de la communaut\u00e9 \u00e9largie des affaires au nom de la talentueuse industrie du design d\u2019int\u00e9rieur du Canada.<\/p>\n<p>[\/et_pb_text][et_pb_toggle title=\u00a0\u00bbCe que vous procure l\u2019adh\u00e9sion \u00e0 DIC\u00a0\u00bb open_toggle_background_color=\u00a0\u00bbrgba(0,0,0,0)\u00a0\u00bb closed_toggle_background_color=\u00a0\u00bbrgba(0,0,0,0)\u00a0\u00bb icon_color=\u00a0\u00bb#00aeef\u00a0\u00bb admin_label=\u00a0\u00bbCe que vous procure l\u2019adh\u00e9sion \u00e0 DIC\u00a0\u00bb _builder_version=\u00a0\u00bb3.27.2&Prime; title_text_color=\u00a0\u00bb#00aeef\u00a0\u00bb title_level=\u00a0\u00bbh4&Prime; border_width_all=\u00a0\u00bb0px\u00a0\u00bb _i=\u00a0\u00bb1&Prime; _address=\u00a0\u00bb2.0.0.1&Prime;]<\/p>\n<ul>\n<li>Acc\u00e8s en ligne \u00e0 des possibilit\u00e9s d\u2019emploi dans le Centre de carri\u00e8res de DIC<\/li>\n<li>Aubaines et rabais exclusifs sur les tarifs d\u2019assurance, la location de voitures et plus encore<\/li>\n<li>Abonnement au magazine <em>i+D<\/em> (publication nord-am\u00e9ricaine conjointe avec l\u2019ASID)<\/li>\n<li>S\u00e9minaires et webinaires de formation (CEP)<\/li>\n<li>Acc\u00e8s \u00e0 la recherche sur l\u2019industrie et aux statistiques sur les petites et grandes entreprises<\/li>\n<li>Outils de promotion pour vous aider \u00e0 r\u00e9ussir<\/li>\n<li>Candidature \u00e0 des demandes de prix, bourses et bourses d\u2019\u00e9tudes<\/li>\n<li>Acc\u00e8s aux activit\u00e9s et \u00e9v\u00e9nements de r\u00e9seautage<\/li>\n<li>Nouvelles et mises \u00e0 jour hebdomadaires sur l\u2019industrie<\/li>\n<li>Promotion sur les cha\u00eenes de m\u00e9dias sociaux de DIC<\/li>\n<\/ul>\n<p>[\/et_pb_toggle][et_pb_toggle title=\u00a0\u00bbPerfectionnement professionnel\u00a0\u00bb open_toggle_background_color=\u00a0\u00bbrgba(0,0,0,0)\u00a0\u00bb closed_toggle_background_color=\u00a0\u00bbrgba(0,0,0,0)\u00a0\u00bb icon_color=\u00a0\u00bb#00aeef\u00a0\u00bb admin_label=\u00a0\u00bbPerfectionnement professionnel\u00a0\u00bb _builder_version=\u00a0\u00bb3.27.2&Prime; title_text_color=\u00a0\u00bb#00aeef\u00a0\u00bb title_level=\u00a0\u00bbh4&Prime; border_width_all=\u00a0\u00bb0px\u00a0\u00bb _i=\u00a0\u00bb2&Prime; _address=\u00a0\u00bb2.0.0.2&Prime;]<\/p>\n<p>Les designers d\u2019int\u00e9rieur sont tenus de satisfaire aux exigences de perfectionnement professionnel afin de demeurer membres en r\u00e8gle aupr\u00e8s de leur association provinciale, ce qui est facilit\u00e9 par le Conseil d\u2019\u00e9ducation continue en design d\u2019int\u00e9rieur (CECDI).<\/p>\n<p>DIC offre des possibilit\u00e9s de formation continue \u00e0 ses membres partout au Canada pour les aider \u00e0 respecter les exigences et \u00e0 demeurer au courant des r\u00e8glements, pratiques entrepreneuriales et tendances de l\u2019industrie.<\/p>\n<p>DIC publie pour ses membres des nouvelles et des renseignements sur le perfectionnement professionnel au moyen de bulletins mensuels et de son calendrier des \u00e9v\u00e9nements en ligne \u00e0 <a href=\"https:\/\/idcanada.org\/\" target=\"_blank\" rel=\"noopener noreferrer\">idcanada.org<\/a>.\u00a0<\/p>\n<p>En partenariat avec Orion Learning, DIC offre \u00e0 ses membres un acc\u00e8s \u00e0 plus de 900\u00a0cours en ligne tels que des cours en gestion de projet, gestion du changement, leadership, service \u00e0 la client\u00e8le, comp\u00e9tences en gestion et plus encore. Ces cours sont offerts \u00e0 des prix sp\u00e9ciaux pour membres et ils sont accessibles 24\u00a0heures sur 24 par l\u2019entremise du site Web d\u2019Orion.<\/p>\n<p>Une liste compl\u00e8te des programmes est mise \u00e0 la disposition des membres.<\/p>\n<p>[\/et_pb_toggle][et_pb_toggle title=\u00a0\u00bbRepr\u00e9sentation et promotion\u00a0\u00bb open_toggle_background_color=\u00a0\u00bbrgba(0,0,0,0)\u00a0\u00bb closed_toggle_background_color=\u00a0\u00bbrgba(0,0,0,0)\u00a0\u00bb icon_color=\u00a0\u00bb#00aeef\u00a0\u00bb admin_label=\u00a0\u00bbRepr\u00e9sentation \u00a0\u00bb _builder_version=\u00a0\u00bb3.27.2&Prime; title_text_color=\u00a0\u00bb#00aeef\u00a0\u00bb title_level=\u00a0\u00bbh4&Prime; border_width_all=\u00a0\u00bb0px\u00a0\u00bb _i=\u00a0\u00bb3&Prime; _address=\u00a0\u00bb2.0.0.3&Prime;]<\/p>\n<p>DIC fait la promotion du design d\u2019int\u00e9rieur canadien, ici, au pays et partout dans le monde, en mettant sur pied des sections locales de DIC et en \u00e9largissant les occasions d\u2019exp\u00e9riences et de partenariats de design d\u2019int\u00e9rieur \u00e0 l\u2019\u00e9chelle internationale. Notre objectif est d\u2019offrir une plateforme significative d\u2019engagement des membres et un perfectionnement professionnel d\u2019exception, et de promouvoir la participation des membres \u00e0 ces deux \u00e9l\u00e9ments. Apprenez-en davantage en consultant le <span><a href=\"https:\/\/idcanada.org\/wp-content\/uploads\/2019\/06\/IDC-Strategic-Plan-2019-2021.pdf\" target=\"_blank\" rel=\"noopener noreferrer\">Plan strat\u00e9gique 2019-2020 de DIC<\/a><\/span>.<\/p>\n<p>[\/et_pb_toggle][et_pb_toggle title=\u00a0\u00bbCat\u00e9gories d\u2019adh\u00e9sion\u00a0\u00bb open_toggle_background_color=\u00a0\u00bbrgba(0,0,0,0)\u00a0\u00bb closed_toggle_background_color=\u00a0\u00bbrgba(0,0,0,0)\u00a0\u00bb icon_color=\u00a0\u00bb#00aeef\u00a0\u00bb admin_label=\u00a0\u00bbCat\u00e9gories d\u2019adh\u00e9sion\u00a0\u00bb _builder_version=\u00a0\u00bb3.27.2&Prime; title_text_color=\u00a0\u00bb#00aeef\u00a0\u00bb title_level=\u00a0\u00bbh4&Prime; border_width_all=\u00a0\u00bb0px\u00a0\u00bb _i=\u00a0\u00bb4&Prime; _address=\u00a0\u00bb2.0.0.4&Prime;]<\/p>\n<p>L\u2019association DIC est fi\u00e8re de r\u00e9investir les droits d\u2019adh\u00e9sion de ses membres pour servir ceux-ci, en consacrant des fonds afin d\u2019accro\u00eetre la sensibilisation \u00e0 la profession, d\u2019\u00e9duquer le public et de rehausser la barre de l\u2019excellence, non seulement pour les designers d\u2019int\u00e9rieur, mais aussi pour l\u2019ensemble de l\u2019industrie du design d\u2019int\u00e9rieur, d\u2019un oc\u00e9an \u00e0 l\u2019autre.<\/p>\n<p>DIC vous aide \u00e0 b\u00e2tir votre marque en design d\u2019int\u00e9rieur, \u00e0 attirer l\u2019attention sur la profession et \u00e0 influer sur l\u2019opinion publique au sein de votre communaut\u00e9, ainsi qu\u2019au pays et partout dans le monde. Devenir membre de DIC offre de nombreux avantages, peu importe \u00e0 quelle \u00e9tape de votre carri\u00e8re vous vous trouvez.<\/p>\n<p>Joignez-vous \u00e0 DIC \u00e0 titre de membre exer\u00e7ant la profession ou de membre retrait\u00e9, enseignant, \u00e9tudiant ou affili\u00e9.<\/p>\n<table>\n<tbody>\n<tr>\n<td>\n<p style=\"text-align: center;\"><strong>Cat\u00e9gorie\u00a0<\/strong><\/p>\n<\/td>\n<td style=\"text-align: center;\"><strong>Type <\/strong><\/td>\n<td style=\"text-align: center;\"><strong>Crit\u00e8re<\/strong><\/td>\n<td><strong>Cotisation annuelle<\/strong><\/td>\n<\/tr>\n<tr>\n<td rowspan=\"3\"><span style=\"color: #00aeef;\">Membre exer\u00e7ant<\/span><\/td>\n<td>Membre agr\u00e9\u00e9<\/td>\n<td>Designers d\u2019int\u00e9rieur appartenant \u00e0 l\u2019une ou l\u2019autre des associations canadiennes de design d\u2019int\u00e9rieur<\/td>\n<td>325 $<\/td>\n<\/tr>\n<tr>\n<td>Membre associ\u00e9<\/td>\n<td>Designers d\u2019int\u00e9rieur qui ne sont pas membres d\u2019une association canadienne de design d\u2019int\u00e9rieur<\/td>\n<td>325 $<\/td>\n<\/tr>\n<tr>\n<td>Membre stagiaire<\/td>\n<td>Stagiaires ou membres provisoires de toute association canadienne de design d\u2019int\u00e9rieur<\/td>\n<td>200 $<\/td>\n<\/tr>\n<tr>\n<td><span style=\"color: #00aeef;\">Membre retrait\u00e9<\/span><\/td>\n<td><\/td>\n<td>Les personnes ayant pris leur retraite de l\u2019exercice du design d\u2019int\u00e9rieur<\/td>\n<td>175 $<\/td>\n<\/tr>\n<tr>\n<td><span style=\"color: #00aeef;\">Membre enseignant<\/span><\/td>\n<td><\/td>\n<td>Professeurs en enseignement postsecondaire dans tout coll\u00e8ge, universit\u00e9 ou \u00e9cole agr\u00e9\u00e9e<\/td>\n<td>325 $<\/td>\n<\/tr>\n<tr>\n<td><span style=\"color: #00aeef;\">Membre \u00e9tudiant<\/span><\/td>\n<td><\/td>\n<td>\u00c9tudiants inscrits dans un programme de design d\u2019int\u00e9rieur postsecondaire dans tout coll\u00e8ge, universit\u00e9, ou \u00e9cole reconnue<\/td>\n<td>50 $*<\/td>\n<\/tr>\n<tr>\n<td><span style=\"color: #00aeef;\">Membre affili\u00e9<\/span><\/td>\n<td>Associ\u00e9<\/td>\n<td>Membre d\u2019une autre association nationale ou internationale li\u00e9e au design (p. ex., architectes, architectes du paysage, urbanistes, gestionnaires d\u2019installations, etc.)<\/td>\n<td>325 $<\/td>\n<\/tr>\n<\/tbody>\n<\/table>\n<p>&nbsp;<\/p>\n<p><em>*Les \u00e9tudiants peuvent payer un montant unique de 150\u00a0$, pour toute la dur\u00e9e de leurs \u00e9tudes lorsqu\u2019ils sont inscrits \u00e0 temps plein.<\/em><\/p>\n<p>Pour un compl\u00e9ment d\u2019information, veuillez consulter <a href=\"https:\/\/idcanada.org\/wp-content\/uploads\/2019\/08\/2019MembershipDuesFAQFR.pdf\" rel=\"attachment wp-att-1450 noopener noreferrer\" target=\"_blank\">la FAQ<\/a>.<\/p>\n<p>[\/et_pb_toggle][\/et_pb_column][\/et_pb_row][\/et_pb_section][et_pb_section fb_built=\u00a0\u00bb1&Prime; module_class=\u00a0\u00bbjoin-idc-btn\u00a0\u00bb _builder_version=\u00a0\u00bb3.20.2&Prime; background_color=\u00a0\u00bb#8dc63f\u00a0\u00bb custom_padding=\u00a0\u00bb85px||85px|\u00a0\u00bb fb_built=\u00a0\u00bb1&Prime; bb_built=\u00a0\u00bb1&Prime; _i=\u00a0\u00bb3&Prime; _address=\u00a0\u00bb3&Prime; global_module=\u00a0\u00bb1628&Prime; saved_tabs=\u00a0\u00bball\u00a0\u00bb][et_pb_row _builder_version=\u00a0\u00bb3.25&Prime; custom_margin=\u00a0\u00bb0px||0px|\u00a0\u00bb custom_padding=\u00a0\u00bb0px||0px|\u00a0\u00bb _i=\u00a0\u00bb0&Prime; _address=\u00a0\u00bb3.0&Prime;][et_pb_column type=\u00a0\u00bb4_4&Prime; _builder_version=\u00a0\u00bb3.25&Prime; custom_padding=\u00a0\u00bb|||\u00a0\u00bb _i=\u00a0\u00bb0&Prime; _address=\u00a0\u00bb3.0.0&Prime; custom_padding__hover=\u00a0\u00bb|||\u00a0\u00bb][et_pb_button button_url=\u00a0\u00bb\/join-idc\/\u00a0\u00bb button_text=\u00a0\u00bbjoignez-vous \u00e0 DIC d\u00e8s maintenant\u00a0\u00bb button_alignment=\u00a0\u00bbcenter\u00a0\u00bb admin_label=\u00a0\u00bbjoignez-vous \u00e0 DIC d\u00e8s maintenant\u00a0\u00bb _builder_version=\u00a0\u00bb3.20.2&Prime; custom_button=\u00a0\u00bbon\u00a0\u00bb button_text_size=\u00a0\u00bb36&Prime; button_text_color=\u00a0\u00bb#000000&Prime; button_bg_color=\u00a0\u00bb#8dc63f\u00a0\u00bb button_border_width=\u00a0\u00bb2&Prime; button_border_color=\u00a0\u00bb#000000&Prime; button_icon=\u00a0\u00bb%%20%%\u00a0\u00bb button_on_hover=\u00a0\u00bboff\u00a0\u00bb custom_padding=\u00a0\u00bb|||60px\u00a0\u00bb _i=\u00a0\u00bb0&Prime; _address=\u00a0\u00bb3.0.0.0&Prime;][\/et_pb_button][\/et_pb_column][\/et_pb_row][\/et_pb_section]<\/p>\n","protected":false},"excerpt":{"rendered":"<p>En tant qu\u2019organisme de promotion de la profession, DIC repr\u00e9sente plus de\u00a0 5 000 membres incluant les designers d\u2019int\u00e9rieur pleinement agr\u00e9\u00e9s, les membres stagiaires (qui n\u2019ont pas encore fait leurs [&hellip;]<\/p>\n","protected":false},"author":1,"featured_media":0,"parent":0,"menu_order":4,"comment_status":"closed","ping_status":"closed","template":"","meta":{"_bbp_topic_count":0,"_bbp_reply_count":0,"_bbp_total_topic_count":0,"_bbp_total_reply_count":0,"_bbp_voice_count":0,"_bbp_anonymous_reply_count":0,"_bbp_topic_count_hidden":0,"_bbp_reply_count_hidden":0,"_bbp_forum_subforum_count":0,"_et_pb_use_builder":"on","_et_pb_old_content":"","_et_gb_content_width":"","_exactmetrics_skip_tracking":false,"_exactmetrics_sitenote_active":false,"_exactmetrics_sitenote_note":"","_exactmetrics_sitenote_category":0,"_price":"","_stock":"","_tribe_ticket_header":"","_tribe_default_ticket_provider":"","_tribe_ticket_capacity":"0","_ticket_start_date":"","_ticket_end_date":"","_tribe_ticket_show_description":"","_tribe_ticket_show_not_going":false,"_tribe_ticket_use_global_stock":"","_tribe_ticket_global_stock_level":"","_global_stock_mode":"","_global_stock_cap":"","_tribe_rsvp_for_event":"","_tribe_ticket_going_count":"","_tribe_ticket_not_going_count":"","_tribe_tickets_list":"[]","_tribe_ticket_has_attendee_info_fields":false,"footnotes":"","_tec_slr_enabled":"","_tec_slr_layout":""},"class_list":["post-812","page","type-page","status-publish","hentry"],"ticketed":false,"_links":{"self":[{"href":"https:\/\/idcanada.org\/fr\/wp-json\/wp\/v2\/pages\/812","targetHints":{"allow":["GET"]}}],"collection":[{"href":"https:\/\/idcanada.org\/fr\/wp-json\/wp\/v2\/pages"}],"about":[{"href":"https:\/\/idcanada.org\/fr\/wp-json\/wp\/v2\/types\/page"}],"author":[{"embeddable":true,"href":"https:\/\/idcanada.org\/fr\/wp-json\/wp\/v2\/users\/1"}],"replies":[{"embeddable":true,"href":"https:\/\/idcanada.org\/fr\/wp-json\/wp\/v2\/comments?post=812"}],"version-history":[{"count":10,"href":"https:\/\/idcanada.org\/fr\/wp-json\/wp\/v2\/pages\/812\/revisions"}],"predecessor-version":[{"id":1629,"href":"https:\/\/idcanada.org\/fr\/wp-json\/wp\/v2\/pages\/812\/revisions\/1629"}],"wp:attachment":[{"href":"https:\/\/idcanada.org\/fr\/wp-json\/wp\/v2\/media?parent=812"}],"curies":[{"name":"wp","href":"https:\/\/api.w.org\/{rel}","templated":true}]}}