{"id":809,"date":"2019-03-06T20:20:40","date_gmt":"2019-03-07T01:20:40","guid":{"rendered":"http:\/\/idcanada.flywheelsites.com\/?page_id=809"},"modified":"2019-03-28T15:32:56","modified_gmt":"2019-03-28T19:32:56","slug":"soumettre-un-evenement","status":"publish","type":"page","link":"https:\/\/idcanada.org\/fr\/nouvelles-evenements\/soumettre-un-evenement\/","title":{"rendered":"soumettre un \u00e9v\u00e9nement"},"content":{"rendered":"<p>[et_pb_section bb_built=\u00a0\u00bb1&Prime; fullwidth=\u00a0\u00bbon\u00a0\u00bb specialty=\u00a0\u00bboff\u00a0\u00bb next_background_color=\u00a0\u00bb#000000&Prime; _builder_version=\u00a0\u00bb3.19.14&Prime;][et_pb_fullwidth_header _builder_version=\u00a0\u00bb3.20.2&Prime; title=\u00a0\u00bbcalendrier des \u00e9v\u00e9nements\u00a0\u00bb background_color=\u00a0\u00bbrgba(141,198,63,0)\u00a0\u00bb background_image=\u00a0\u00bbhttps:\/\/idcanada.org\/wp-content\/uploads\/2019\/03\/news-events-list.jpg\u00a0\u00bb background_layout=\u00a0\u00bblight\u00a0\u00bb \/][\/et_pb_section][et_pb_section bb_built=\u00a0\u00bb1&Prime; prev_background_color=\u00a0\u00bb#000000&Prime; _builder_version=\u00a0\u00bb3.19.18&Prime; custom_margin=\u00a0\u00bb|70px||70px\u00a0\u00bb background_color=\u00a0\u00bb#ffffff\u00a0\u00bb module_class=\u00a0\u00bbnews-events-section\u00a0\u00bb][et_pb_row _builder_version=\u00a0\u00bb3.19.14&Prime; background_color=\u00a0\u00bb#ffffff\u00a0\u00bb custom_width_px=\u00a0\u00bb1140px\u00a0\u00bb][et_pb_column type=\u00a0\u00bb4_4&Prime;][et_pb_text _builder_version=\u00a0\u00bb3.20.2&Prime;]<\/p>\n<h3>Faites la promotion de votre prochain \u00e9v\u00e9nement, s\u00e9minaire, conf\u00e9rence-midi ou lancement de produit aupr\u00e8s de tous les membres du Canada au moyen d\u2019une inscription au calendrier des \u00e9v\u00e9nements de DIC \u2014 la source par excellence pour afficher les occasions de d\u00e9veloppement professionnel et de r\u00e9seautage pour les professionnels du design d\u2019int\u00e9rieur au Canada.<\/h3>\n<p>[\/et_pb_text][et_pb_button admin_label=\u00a0\u00bbSoumettez votre \u00e9v\u00e9nement\u00a0\u00bb _builder_version=\u00a0\u00bb3.20.2&Prime; button_text=\u00a0\u00bbSoumettez votre \u00e9v\u00e9nement\u00a0\u00bb button_url=\u00a0\u00bb#\u00a0\u00bb button_alignment=\u00a0\u00bbcenter\u00a0\u00bb custom_button=\u00a0\u00bbon\u00a0\u00bb button_text_size=\u00a0\u00bb36&Prime; button_text_color=\u00a0\u00bb#000000&Prime; button_bg_color=\u00a0\u00bb#ffffff\u00a0\u00bb button_border_width=\u00a0\u00bb2&Prime; button_border_color=\u00a0\u00bb#000000&Prime; button_font=\u00a0\u00bb|700|||||||\u00a0\u00bb button_icon=\u00a0\u00bb%%20%%\u00a0\u00bb button_icon_color=\u00a0\u00bb#000000&Prime; button_on_hover=\u00a0\u00bboff\u00a0\u00bb \/][\/et_pb_column][\/et_pb_row][\/et_pb_section]<\/p>\n","protected":false},"excerpt":{"rendered":"<p>Faites la promotion de votre prochain \u00e9v\u00e9nement, s\u00e9minaire, conf\u00e9rence-midi ou lancement de produit aupr\u00e8s de tous les membres du Canada au moyen d\u2019une inscription au calendrier des \u00e9v\u00e9nements de DIC [&hellip;]<\/p>\n","protected":false},"author":1,"featured_media":0,"parent":806,"menu_order":0,"comment_status":"closed","ping_status":"closed","template":"","meta":{"_bbp_topic_count":0,"_bbp_reply_count":0,"_bbp_total_topic_count":0,"_bbp_total_reply_count":0,"_bbp_voice_count":0,"_bbp_anonymous_reply_count":0,"_bbp_topic_count_hidden":0,"_bbp_reply_count_hidden":0,"_bbp_forum_subforum_count":0,"_et_pb_use_builder":"on","_et_pb_old_content":"","_et_gb_content_width":"","_exactmetrics_skip_tracking":false,"_exactmetrics_sitenote_active":false,"_exactmetrics_sitenote_note":"","_exactmetrics_sitenote_category":0,"_price":"","_stock":"","_tribe_ticket_header":"","_tribe_default_ticket_provider":"","_tribe_ticket_capacity":"0","_ticket_start_date":"","_ticket_end_date":"","_tribe_ticket_show_description":"","_tribe_ticket_show_not_going":false,"_tribe_ticket_use_global_stock":"","_tribe_ticket_global_stock_level":"","_global_stock_mode":"","_global_stock_cap":"","_tribe_rsvp_for_event":"","_tribe_ticket_going_count":"","_tribe_ticket_not_going_count":"","_tribe_tickets_list":"[]","_tribe_ticket_has_attendee_info_fields":false,"footnotes":"","_tec_slr_enabled":"","_tec_slr_layout":""},"class_list":["post-809","page","type-page","status-publish","hentry"],"ticketed":false,"_links":{"self":[{"href":"https:\/\/idcanada.org\/fr\/wp-json\/wp\/v2\/pages\/809","targetHints":{"allow":["GET"]}}],"collection":[{"href":"https:\/\/idcanada.org\/fr\/wp-json\/wp\/v2\/pages"}],"about":[{"href":"https:\/\/idcanada.org\/fr\/wp-json\/wp\/v2\/types\/page"}],"author":[{"embeddable":true,"href":"https:\/\/idcanada.org\/fr\/wp-json\/wp\/v2\/users\/1"}],"replies":[{"embeddable":true,"href":"https:\/\/idcanada.org\/fr\/wp-json\/wp\/v2\/comments?post=809"}],"version-history":[{"count":4,"href":"https:\/\/idcanada.org\/fr\/wp-json\/wp\/v2\/pages\/809\/revisions"}],"predecessor-version":[{"id":836,"href":"https:\/\/idcanada.org\/fr\/wp-json\/wp\/v2\/pages\/809\/revisions\/836"}],"up":[{"embeddable":true,"href":"https:\/\/idcanada.org\/fr\/wp-json\/wp\/v2\/pages\/806"}],"wp:attachment":[{"href":"https:\/\/idcanada.org\/fr\/wp-json\/wp\/v2\/media?parent=809"}],"curies":[{"name":"wp","href":"https:\/\/api.w.org\/{rel}","templated":true}]}}