{"id":786,"date":"2019-02-19T14:50:03","date_gmt":"2019-02-19T19:50:03","guid":{"rendered":"http:\/\/idcanada.flywheelsites.com\/?page_id=786"},"modified":"2019-04-05T16:23:51","modified_gmt":"2019-04-05T20:23:51","slug":"perfectionnement-professionnel","status":"publish","type":"page","link":"https:\/\/idcanada.org\/fr\/perfectionnement-professionnel\/","title":{"rendered":"perfectionnement professionnel"},"content":{"rendered":"<p>[et_pb_section bb_built=\u00a0\u00bb1&Prime; fullwidth=\u00a0\u00bbon\u00a0\u00bb specialty=\u00a0\u00bboff\u00a0\u00bb next_background_color=\u00a0\u00bb#000000&Prime; _builder_version=\u00a0\u00bb3.19.18&Prime; module_class=\u00a0\u00bbprof-development\u00a0\u00bb][et_pb_fullwidth_header _builder_version=\u00a0\u00bb3.20.2&Prime; title=\u00a0\u00bbperfectionnement professionnel\u00a0\u00bb background_color=\u00a0\u00bbrgba(141,198,63,0)\u00a0\u00bb background_image=\u00a0\u00bbhttps:\/\/idcanada.org\/wp-content\/uploads\/2019\/03\/professional-development.jpg\u00a0\u00bb background_layout=\u00a0\u00bblight\u00a0\u00bb \/][\/et_pb_section][et_pb_section bb_built=\u00a0\u00bb1&Prime; prev_background_color=\u00a0\u00bb#000000&Prime; _builder_version=\u00a0\u00bb3.19.18&Prime; custom_margin=\u00a0\u00bb|70px||70px\u00a0\u00bb background_color=\u00a0\u00bb#ffffff\u00a0\u00bb next_background_color=\u00a0\u00bb#000000&Prime; module_class=\u00a0\u00bbprofessional\u00a0\u00bb custom_padding=\u00a0\u00bb||0px|\u00a0\u00bb][et_pb_row _builder_version=\u00a0\u00bb3.19.18&Prime; background_color=\u00a0\u00bb#ffffff\u00a0\u00bb custom_width_px=\u00a0\u00bb1140px\u00a0\u00bb module_class=\u00a0\u00bboverlap\u00a0\u00bb][et_pb_column type=\u00a0\u00bb4_4&Prime;][et_pb_text admin_label=\u00a0\u00bbFormation continue\u00a0\u00bb _builder_version=\u00a0\u00bb3.20.2&Prime;]<\/p>\n<h2>Formation continue<\/h2>\n<h3>Les designers d\u2019int\u00e9rieur sont tenus de satisfaire aux exigences de perfectionnement professionnel afin de demeurer des membres en r\u00e8gle de leur association provinciale, ce qui est facilit\u00e9 par le Conseil d\u2019\u00e9ducation continue en design d\u2019int\u00e9rieur (CECDI).<\/h3>\n<p>[\/et_pb_text][\/et_pb_column][\/et_pb_row][et_pb_row _builder_version=\u00a0\u00bb3.20.2&Prime; use_custom_gutter=\u00a0\u00bbon\u00a0\u00bb gutter_width=\u00a0\u00bb1&Prime; custom_padding=\u00a0\u00bb0px|||\u00a0\u00bb padding_top_1=\u00a0\u00bb0px\u00a0\u00bb][et_pb_column type=\u00a0\u00bb1_2&Prime;][et_pb_text admin_label=\u00a0\u00bbDIC paie des droits d\u2019adh\u00e9sion annuels au &#8230;\u00a0\u00bb _builder_version=\u00a0\u00bb3.20.2&Prime; text_line_height=\u00a0\u00bb25px\u00a0\u00bb text_line_height_tablet=\u00a0\u00bb20px\u00a0\u00bb text_line_height_last_edited=\u00a0\u00bbon|phone\u00a0\u00bb module_class=\u00a0\u00bbannual-mem\u00a0\u00bb]<\/p>\n<p>DIC paie des droits d\u2019adh\u00e9sion annuels au CECDI au nom des membres de DIC, l\u00e0 o\u00f9 les associations provinciales ont per\u00e7u et continueront de percevoir les cotisations \u00e0 DIC en notre nom. L\u2019acc\u00e8s aux syst\u00e8mes du CECDI permet aux membres de suivre et de g\u00e9rer les cr\u00e9dits obtenus sans autre co\u00fbt. Actuellement, cela comprend toutes les associations provinciales de design d\u2019int\u00e9rieur sauf l\u2019APDIQ au Qu\u00e9bec et l\u2019ARIDO en Ontario. L\u2019APDIQ et l\u2019ARIDO ne per\u00e7oivent pas les cotisations \u00e0 DIC et par cons\u00e9quent paient elles-m\u00eames le CECDI au nom de leurs membres. Cela s\u2019appliquera \u00e9galement \u00e0 PIDIM au Manitoba en 2019.<\/p>\n<p>[\/et_pb_text][\/et_pb_column][et_pb_column type=\u00a0\u00bb1_2&Prime;][et_pb_number_counter _builder_version=\u00a0\u00bb3.20.2&Prime; title=\u00a0\u00bbEn tout, 88 heures de r\u00e9seautage \u00a0\u00bb number=\u00a0\u00bb88&Prime; percent_sign=\u00a0\u00bboff\u00a0\u00bb title_level=\u00a0\u00bbh4&Prime; number_text_color=\u00a0\u00bb#8dc63f\u00a0\u00bb number_font=\u00a0\u00bb|700|||||||\u00a0\u00bb module_alignment=\u00a0\u00bbcenter\u00a0\u00bb title_font_size=\u00a0\u00bb28&Prime; max_width=\u00a0\u00bb430px\u00a0\u00bb \/][et_pb_number_counter _builder_version=\u00a0\u00bb3.20.2&Prime; title=\u00a0\u00bb15 journ\u00e9es de participation \u00e0 des salons professionnels ont \u00e9t\u00e9 offertes aux membres en 2018&Prime; number=\u00a0\u00bb15 \u00a0\u00bb percent_sign=\u00a0\u00bboff\u00a0\u00bb title_level=\u00a0\u00bbh4&Prime; number_text_color=\u00a0\u00bb#8dc63f\u00a0\u00bb number_font=\u00a0\u00bb|700|||||||\u00a0\u00bb module_alignment=\u00a0\u00bbcenter\u00a0\u00bb title_font_size=\u00a0\u00bb28&Prime; module_class=\u00a0\u00bbdays\u00a0\u00bb max_width=\u00a0\u00bb430px\u00a0\u00bb \/][\/et_pb_column][\/et_pb_row][\/et_pb_section][et_pb_section bb_built=\u00a0\u00bb1&Prime; specialty=\u00a0\u00bboff\u00a0\u00bb prev_background_color=\u00a0\u00bb#000000&Prime; next_background_color=\u00a0\u00bb#000000&Prime; _builder_version=\u00a0\u00bb3.19.18&Prime; module_class=\u00a0\u00bbcont-edu\u00a0\u00bb custom_padding=\u00a0\u00bb0px||0px|\u00a0\u00bb][et_pb_row _builder_version=\u00a0\u00bb3.19.18&Prime; background_color=\u00a0\u00bb#ffffff\u00a0\u00bb custom_width_px=\u00a0\u00bb1140px\u00a0\u00bb custom_padding=\u00a0\u00bb||40px|\u00a0\u00bb][et_pb_column type=\u00a0\u00bb4_4&Prime;][et_pb_text admin_label=\u00a0\u00bbCr\u00e9dits d\u2019\u00e9ducation permanente\u00a0\u00bb _builder_version=\u00a0\u00bb3.20.2&Prime;]<\/p>\n<h2>Cr\u00e9dits d\u2019\u00e9ducation permanente<\/h2>\n<h3>DIC offre des possibilit\u00e9s de formation continue \u00e0 ses membres partout au Canada pour les aider \u00e0 respecter les exigences et \u00e0 demeurer au courant des r\u00e8glements, pratiques entrepreneuriales et tendances de l\u2019industrie.<\/h3>\n<p>DIC publie aupr\u00e8s de ses membres des actualit\u00e9s et des renseignements sur le perfectionnement professionnel au moyen de bulletins mensuels ainsi que sur son calendrier en ligne des \u00e9v\u00e9nements \u00e0 idcanada.org.<\/p>\n<p>[\/et_pb_text][\/et_pb_column][\/et_pb_row][\/et_pb_section][et_pb_section bb_built=\u00a0\u00bb1&Prime; specialty=\u00a0\u00bboff\u00a0\u00bb prev_background_color=\u00a0\u00bb#000000&Prime; next_background_color=\u00a0\u00bb#000000&Prime; _builder_version=\u00a0\u00bb3.19.18&Prime; module_class=\u00a0\u00bborion\u00a0\u00bb custom_padding=\u00a0\u00bb||0px|\u00a0\u00bb][et_pb_row _builder_version=\u00a0\u00bb3.19.14&Prime; background_color=\u00a0\u00bb#ffffff\u00a0\u00bb custom_width_px=\u00a0\u00bb1140px\u00a0\u00bb][et_pb_column type=\u00a0\u00bb4_4&Prime;][et_pb_text admin_label=\u00a0\u00bbOrion Learning\u00a0\u00bb _builder_version=\u00a0\u00bb3.20.2&Prime;]<\/p>\n<h2>Orion Learning<\/h2>\n<p>[\/et_pb_text][\/et_pb_column][\/et_pb_row][et_pb_row _builder_version=\u00a0\u00bb3.19.14&Prime; background_color=\u00a0\u00bb#ffffff\u00a0\u00bb custom_width_px=\u00a0\u00bb1140px\u00a0\u00bb][et_pb_column type=\u00a0\u00bb3_4&Prime;][et_pb_text admin_label=\u00a0\u00bbOrion Learning\u00a0\u00bb _builder_version=\u00a0\u00bb3.20.2&Prime;]<\/p>\n<h3>En partenariat avec Orion Learning, DIC offre \u00e0 ses membres un acc\u00e8s \u00e0 plus de 900 cours en ligne tels que des cours en gestion de projet, gestion du changement, leadership, service \u00e0 la client\u00e8le, comp\u00e9tences en gestion et plus encore. Ces cours sont offerts \u00e0 des prix sp\u00e9ciaux pour membres et ils sont accessibles 24 heures sur 24 par l\u2019entremise du site Web d\u2019Orion.<\/h3>\n<p>Une liste compl\u00e8te des programmes est mise \u00e0 la disposition des membres.<\/p>\n<p>[\/et_pb_text][\/et_pb_column][et_pb_column type=\u00a0\u00bb1_4&Prime;][et_pb_image _builder_version=\u00a0\u00bb3.21.4&Prime; src=\u00a0\u00bbhttps:\/\/idcanada.org\/wp-content\/uploads\/2019\/03\/orion.jpg\u00a0\u00bb align=\u00a0\u00bbcenter\u00a0\u00bb url=\u00a0\u00bb\/wp-content\/uploads\/2019\/04\/Orion_idc_member_pricing_2018.pdf\u00a0\u00bb url_new_window=\u00a0\u00bbon\u00a0\u00bb z_index_tablet=\u00a0\u00bb500&Prime; \/][\/et_pb_column][\/et_pb_row][\/et_pb_section][et_pb_section bb_built=\u00a0\u00bb1&Prime; specialty=\u00a0\u00bboff\u00a0\u00bb prev_background_color=\u00a0\u00bb#000000&Prime; next_background_color=\u00a0\u00bb#8dc63f\u00a0\u00bb _builder_version=\u00a0\u00bb3.19.18&Prime; module_class=\u00a0\u00bbseminar\u00a0\u00bb custom_padding=\u00a0\u00bb||140px|\u00a0\u00bb][et_pb_row _builder_version=\u00a0\u00bb3.19.14&Prime; background_color=\u00a0\u00bb#ffffff\u00a0\u00bb custom_width_px=\u00a0\u00bb1140px\u00a0\u00bb][et_pb_column type=\u00a0\u00bb4_4&Prime;][et_pb_text admin_label=\u00a0\u00bbSeminar delivery\u00a0\u00bb _builder_version=\u00a0\u00bb3.20.2&Prime;]<\/p>\n<h2>Prestation de s\u00e9minaires<\/h2>\n<h3>De nombreux fabricants et fournisseurs proposent des s\u00e9minaires reconnus pour offrir de la formation continue \u00e0 la communaut\u00e9 du design d\u2019int\u00e9rieur.<br \/>DIC est toujours \u00e0 la recherche de nouveaux s\u00e9minaires, de nouveaux contenus et de nouveaux lieux pour offrir de la formation \u00e0 l\u2019\u00e9chelle locale.<\/h3>\n<p>DIC peut vous aider \u00e0 promouvoir vos offres de s\u00e9minaires aux designers d\u2019int\u00e9rieur du Canada gr\u00e2ce \u00e0 notre <a href=\"https:\/\/idcanada.org\/fr\/fabricants-et-fournisseurs\/\">programme de diffusion par courriel<\/a> et \u00e0 notre <a href=\"https:\/\/idcanada.org\/fr\/nouvelles-evenements\/\">calendrier des \u00e9v\u00e9nements<\/a> ou \u00e0 un partenariat avec DIC pour cr\u00e9er des \u00e9v\u00e9nements en coanimation dans votre salle d\u2019exposition.<\/p>\n<p>Pour savoir comment faire reconna\u00eetre votre s\u00e9minaire, veuillez visiter le site du Conseil d\u2019\u00e9ducation continue en design d\u2019int\u00e9rieur (<a href=\"https:\/\/www.idcec.org\/Pages\/Forms\/Public\/About\/About.aspx\" target=\"_blank\" rel=\"noopener noreferrer\">CECDI<\/a>).<\/p>\n<p>[\/et_pb_text][\/et_pb_column][\/et_pb_row][\/et_pb_section][et_pb_section bb_built=\u00a0\u00bb1&Prime; specialty=\u00a0\u00bboff\u00a0\u00bb prev_background_color=\u00a0\u00bb#ffffff\u00a0\u00bb _builder_version=\u00a0\u00bb3.19.18&Prime; background_color=\u00a0\u00bb#8dc63f\u00a0\u00bb custom_padding=\u00a0\u00bb85px||85px|\u00a0\u00bb module_class=\u00a0\u00bbjoin-idc-now\u00a0\u00bb][et_pb_row _builder_version=\u00a0\u00bb3.19.18&Prime; custom_padding=\u00a0\u00bb0px||0px|\u00a0\u00bb custom_margin=\u00a0\u00bb0px||0px|\u00a0\u00bb][et_pb_column type=\u00a0\u00bb4_4&Prime;][et_pb_text _builder_version=\u00a0\u00bb3.21.4&Prime; z_index_tablet=\u00a0\u00bb500&Prime;]<\/p>\n<h3 style=\"text-align: center;\"><strong>Faites partie de l\u2019association nationale de promotion du design d\u2019int\u00e9rieur au Canada<\/strong><\/h3>\n<p>[\/et_pb_text][et_pb_button admin_label=\u00a0\u00bbjoin IDC now\u00a0\u00bb _builder_version=\u00a0\u00bb3.20.2&Prime; button_text=\u00a0\u00bbjoignez-vous \u00e0 DIC d\u00e8s maintenant\u00a0\u00bb button_url=\u00a0\u00bb#\u00a0\u00bb button_alignment=\u00a0\u00bbcenter\u00a0\u00bb custom_button=\u00a0\u00bbon\u00a0\u00bb button_text_size=\u00a0\u00bb36&Prime; button_text_color=\u00a0\u00bb#000000&Prime; button_bg_color=\u00a0\u00bb#8dc63f\u00a0\u00bb button_border_width=\u00a0\u00bb2&Prime; button_border_color=\u00a0\u00bb#000000&Prime; button_icon=\u00a0\u00bb%%20%%\u00a0\u00bb button_on_hover=\u00a0\u00bboff\u00a0\u00bb custom_padding=\u00a0\u00bb|||60px\u00a0\u00bb \/][\/et_pb_column][\/et_pb_row][\/et_pb_section]<\/p>\n","protected":false},"excerpt":{"rendered":"<p>Formation continue Les designers d\u2019int\u00e9rieur sont tenus de satisfaire aux exigences de perfectionnement professionnel afin de demeurer des membres en r\u00e8gle de leur association provinciale, ce qui est facilit\u00e9 par [&hellip;]<\/p>\n","protected":false},"author":1,"featured_media":0,"parent":0,"menu_order":5,"comment_status":"closed","ping_status":"closed","template":"","meta":{"_bbp_topic_count":0,"_bbp_reply_count":0,"_bbp_total_topic_count":0,"_bbp_total_reply_count":0,"_bbp_voice_count":0,"_bbp_anonymous_reply_count":0,"_bbp_topic_count_hidden":0,"_bbp_reply_count_hidden":0,"_bbp_forum_subforum_count":0,"_et_pb_use_builder":"on","_et_pb_old_content":"","_et_gb_content_width":"","_exactmetrics_skip_tracking":false,"_exactmetrics_sitenote_active":false,"_exactmetrics_sitenote_note":"","_exactmetrics_sitenote_category":0,"_price":"","_stock":"","_tribe_ticket_header":"","_tribe_default_ticket_provider":"","_tribe_ticket_capacity":"0","_ticket_start_date":"","_ticket_end_date":"","_tribe_ticket_show_description":"","_tribe_ticket_show_not_going":false,"_tribe_ticket_use_global_stock":"","_tribe_ticket_global_stock_level":"","_global_stock_mode":"","_global_stock_cap":"","_tribe_rsvp_for_event":"","_tribe_ticket_going_count":"","_tribe_ticket_not_going_count":"","_tribe_tickets_list":"[]","_tribe_ticket_has_attendee_info_fields":false,"footnotes":"","_tec_slr_enabled":"","_tec_slr_layout":""},"class_list":["post-786","page","type-page","status-publish","hentry"],"ticketed":false,"_links":{"self":[{"href":"https:\/\/idcanada.org\/fr\/wp-json\/wp\/v2\/pages\/786","targetHints":{"allow":["GET"]}}],"collection":[{"href":"https:\/\/idcanada.org\/fr\/wp-json\/wp\/v2\/pages"}],"about":[{"href":"https:\/\/idcanada.org\/fr\/wp-json\/wp\/v2\/types\/page"}],"author":[{"embeddable":true,"href":"https:\/\/idcanada.org\/fr\/wp-json\/wp\/v2\/users\/1"}],"replies":[{"embeddable":true,"href":"https:\/\/idcanada.org\/fr\/wp-json\/wp\/v2\/comments?post=786"}],"version-history":[{"count":8,"href":"https:\/\/idcanada.org\/fr\/wp-json\/wp\/v2\/pages\/786\/revisions"}],"predecessor-version":[{"id":927,"href":"https:\/\/idcanada.org\/fr\/wp-json\/wp\/v2\/pages\/786\/revisions\/927"}],"wp:attachment":[{"href":"https:\/\/idcanada.org\/fr\/wp-json\/wp\/v2\/media?parent=786"}],"curies":[{"name":"wp","href":"https:\/\/api.w.org\/{rel}","templated":true}]}}