{"id":730,"date":"2019-03-04T21:06:17","date_gmt":"2019-03-05T02:06:17","guid":{"rendered":"http:\/\/idcanada.flywheelsites.com\/?page_id=730"},"modified":"2022-12-19T12:56:54","modified_gmt":"2022-12-19T17:56:54","slug":"conseil-dadministration","status":"publish","type":"page","link":"https:\/\/idcanada.org\/fr\/conseil-dadministration\/","title":{"rendered":"conseil d\u2019administration"},"content":{"rendered":"<p>[et_pb_section fb_built=\u00a0\u00bb1&Prime; fullwidth=\u00a0\u00bbon\u00a0\u00bb module_class=\u00a0\u00bbabout-inside-page\u00a0\u00bb _builder_version=\u00a0\u00bb4.16&Prime; global_colors_info=\u00a0\u00bb{}\u00a0\u00bb][et_pb_fullwidth_header title=\u00a0\u00bbConseil d\u2019administration\u00a0\u00bb _builder_version=\u00a0\u00bb4.16&Prime; background_color=\u00a0\u00bbrgba(141,198,63,0)\u00a0\u00bb background_image=\u00a0\u00bbhttps:\/\/idcanada.org\/wp-content\/uploads\/2019\/03\/board-banner.jpg\u00a0\u00bb background_layout=\u00a0\u00bblight\u00a0\u00bb global_colors_info=\u00a0\u00bb{}\u00a0\u00bb][\/et_pb_fullwidth_header][\/et_pb_section][et_pb_section fb_built=\u00a0\u00bb1&Prime; module_class=\u00a0\u00bbboard-of-management\u00a0\u00bb _builder_version=\u00a0\u00bb4.16&Prime; background_color=\u00a0\u00bb#ffffff\u00a0\u00bb custom_margin=\u00a0\u00bb|70px||70px\u00a0\u00bb global_colors_info=\u00a0\u00bb{}\u00a0\u00bb][et_pb_row module_class=\u00a0\u00bboverlap\u00a0\u00bb _builder_version=\u00a0\u00bb4.16&Prime; background_color=\u00a0\u00bb#ffffff\u00a0\u00bb custom_width_px=\u00a0\u00bb1140px\u00a0\u00bb global_colors_info=\u00a0\u00bb{}\u00a0\u00bb][et_pb_column type=\u00a0\u00bb4_4&Prime; _builder_version=\u00a0\u00bb4.16&Prime; custom_padding=\u00a0\u00bb|||\u00a0\u00bb global_colors_info=\u00a0\u00bb{}\u00a0\u00bb custom_padding__hover=\u00a0\u00bb|||\u00a0\u00bb][et_pb_text admin_label=\u00a0\u00bbConseil d\u2019administration\u00a0\u00bb _builder_version=\u00a0\u00bb4.19.2&Prime; global_colors_info=\u00a0\u00bb{}\u00a0\u00bb]<\/p>\n<h3>\u00c0 titre d\u2019organisme, DIC se doit de s\u2019assurer que son conseil repr\u00e9sente l\u2019industrie du design d\u2019int\u00e9rieur en ce qui a trait \u00e0 la diversit\u00e9 d\u2019exp\u00e9rience et de culture, d\u2019\u00e2ge et de sexe, d\u2019une mani\u00e8re qui est repr\u00e9sentative de la composition des membres et de la fibre de la population canadienne.<\/h3>\n<p>Le Conseil de DIC est compos\u00e9 de membres \u00e9lus de partout au Canada qui ont un impact sur les d\u00e9fis touchant la communaut\u00e9 du design d\u2019int\u00e9rieur.<\/p>\n<p>[\/et_pb_text][et_pb_text admin_label=\u00a0\u00bbConseil d\u2019administration 2022-2023&Prime; _builder_version=\u00a0\u00bb4.19.2&Prime; global_colors_info=\u00a0\u00bb{}\u00a0\u00bb]<\/p>\n<h2>Conseil d\u2019administration 2022-2023<\/h2>\n<p>[\/et_pb_text][et_pb_team_member image_url=\u00a0\u00bbhttps:\/\/idcanada.org\/wp-content\/uploads\/2022\/11\/Keshia-Caplette-S.png\u00a0\u00bb admin_label=\u00a0\u00bbKeshia Caplette (SK)\u00a0\u00bb module_id=\u00a0\u00bbpresident\u00a0\u00bb _builder_version=\u00a0\u00bb4.19.2&Prime; custom_margin=\u00a0\u00bb||80px|\u00a0\u00bb global_colors_info=\u00a0\u00bb{}\u00a0\u00bb]<\/p>\n<h5>PR\u00c9SIDENTE<\/h5>\n<h4>Keshia Caplette (SK)<\/h4>\n<p>Keshia Caplette est une designer d\u2019int\u00e9rieur polyvalente et novatrice, membre de l\u2019Interior Designers Association of Saskatchewan (IDAS). D\u00e9tenant plus de huit ann\u00e9es d\u2019exp\u00e9rience dans les industries du design d\u2019int\u00e9rieur, de l\u2019architecture et de la construction, Keshia a travaill\u00e9 \u00e0 une vari\u00e9t\u00e9 de projets r\u00e9sidentiels et multifamilles, industriels et institutionnels, de m\u00eame que dans les domaines des soins de sant\u00e9 et de bureaux de soci\u00e9t\u00e9s. Pour Keshia, les trois derni\u00e8res ann\u00e9es de service \u00e0 si\u00e9ger au conseil d\u2019administration de DIC ont \u00e9t\u00e9 une occasion de croissance, \u00e0 la fois comme designer et comme personne. Keshia apporte une voix forte pour les membres de l\u2019ensemble du pays en fonction du r\u00e9seau qu\u2019elle a contribu\u00e9 \u00e0 faire cro\u00eetre gr\u00e2ce au programme PROpel et \u00e0 son engagement dans les activit\u00e9s du conseil. Elle croit fermement aux efforts de repr\u00e9sentation et de d\u00e9fense des int\u00e9r\u00eats que le conseil a entrepris. Et faire en sorte que la profession du design d\u2019int\u00e9rieur continue d\u2019aller de l\u2019avant la passionne.<\/p>\n<p>[\/et_pb_team_member][et_pb_team_member image_url=\u00a0\u00bbhttps:\/\/idcanada.org\/wp-content\/uploads\/2021\/10\/Jennifer-WF.png\u00a0\u00bb admin_label=\u00a0\u00bbJennifer Wiwchar-Fast (MB)\u00a0\u00bb module_id=\u00a0\u00bbvice-president\u00a0\u00bb _builder_version=\u00a0\u00bb4.19.2&Prime; custom_margin=\u00a0\u00bb||80px|\u00a0\u00bb global_colors_info=\u00a0\u00bb{}\u00a0\u00bb]<\/p>\n<h5>VICE-PR\u00c9SIDENTE<\/h5>\n<h4>Jennifer Wiwchar-Fast (MB)<\/h4>\n<p>Jennifer Wiwchar-Fast est une designer d\u2019int\u00e9rieur professionnelle qui a exerc\u00e9 pendant 17 ans et qui poss\u00e8de de l\u2019exp\u00e9rience en design r\u00e9sidentiel, design de soci\u00e9t\u00e9s, ainsi que dans le domaine de la sant\u00e9, de l\u2019accueil et du design institutionnel. Imm\u00e9diatement apr\u00e8s avoir obtenu son dipl\u00f4me, elle a commenc\u00e9 \u00e0 travailler b\u00e9n\u00e9volement aupr\u00e8s de son organisme provincial, ce qui l\u2019a men\u00e9e \u00e0 divers postes au sein du conseil, notamment celui de pr\u00e9sidente. Jennifer s\u2019enrichit des diverses occasions d\u2019apprentissage continu et de la collaboration avec les personnes qui composent une \u00e9quipe de projet. Elle est une ardente repr\u00e9sentante de la profession du design d\u2019int\u00e9rieur, et elle s\u2019efforce constamment de sensibiliser le public \u00e0 ce que les designers d\u2019int\u00e9rieur peuvent leur offrir pour valoriser leurs projets. En plus d\u2019une formation en design et de ses titres de comp\u00e9tences, elle a obtenu une certification en gestion professionnelle de projets et elle est actuellement membre du comit\u00e9 sur l\u2019examen IDPX du NCIDQ.<\/p>\n<p>[\/et_pb_team_member][et_pb_team_member image_url=\u00a0\u00bbhttps:\/\/idcanada.org\/wp-content\/uploads\/2021\/11\/Presidents-Message-feature-image.png\u00a0\u00bb admin_label=\u00a0\u00bbIan Rolston (ON)\u00a0\u00bb module_id=\u00a0\u00bbpast-president\u00a0\u00bb _builder_version=\u00a0\u00bb4.19.2&Prime; custom_margin=\u00a0\u00bb||80px|\u00a0\u00bb global_colors_info=\u00a0\u00bb{}\u00a0\u00bb]<\/p>\n<h5>PR\u00c9SIDENT SORTANT<\/h5>\n<h4>Ian Rolston (ON)<\/h4>\n<p>Ian Rolston est directeur de conception, designer principal, leader \u00e9clair\u00e9 et communicateur. Il a travaill\u00e9 aupr\u00e8s d\u2019entreprises transformatrices du Canada et des \u00c9tats-Unis sp\u00e9cialis\u00e9es dans diff\u00e9rents secteurs, dont le tourisme d\u2019accueil, l\u2019\u00e9ducation, les transports et le commerce de d\u00e9tail, le secteur priv\u00e9 et le secteur r\u00e9sidentiel. Il a en outre collabor\u00e9 avec des chefs de file de l\u2019industrie sur trois continents. \u00c0 pr\u00e9sent associ\u00e9 de Decanthropy, une plateforme propice \u00e0 la r\u00e9flexion avant-gardiste dans la sph\u00e8re de design universel, Ian con\u00e7oit du contenu qui repousse les limites de la d\u00e9marche cr\u00e9atrice pour le plus grand bien des particuliers, des organismes et des entreprises. \u00c0 sa qualit\u00e9 de \u00ab\u00a0d\u00e9canthropiste en chef\u00a0\u00bb, Ian aide les \u00e9quipes de direction \u00e0 innover en faisant preuve de clart\u00e9, d\u2019enthousiasme et de consid\u00e9ration afin de mieux distinguer les espaces des collaborateurs sur le march\u00e9. Ian se passionne pour les histoires captivantes, l\u2019architecture et l\u2019innovation. Il s\u2019est donn\u00e9 pour mission d\u2019inspirer et de soutenir les collaborateurs afin d\u2019inciter ceux-ci \u00e0 proposer des solutions ayant des effets r\u00e9els.<\/p>\n<p>[\/et_pb_team_member][et_pb_team_member image_url=\u00a0\u00bbhttps:\/\/idcanada.org\/wp-content\/uploads\/2019\/11\/Glen-2.jpg\u00a0\u00bb admin_label=\u00a0\u00bbGlen Brewer (ON)\u00a0\u00bb module_id=\u00a0\u00bbdirector1&Prime; _builder_version=\u00a0\u00bb4.19.2&Prime; custom_margin=\u00a0\u00bb||80px|\u00a0\u00bb global_colors_info=\u00a0\u00bb{}\u00a0\u00bb]<\/p>\n<h5>ADMINISTRATEUR<\/h5>\n<h4>Glen Brewer (ON)<\/h4>\n<p>Glen Brewer est pr\u00e9sident et associ\u00e9 directeur g\u00e9n\u00e9ral de Midgley Tecnica, un distributeur de tuiles de porcelaine. Il est membre du conseil d\u2019administration de DIC au sein duquel il repr\u00e9sente les fabricants et les fournisseurs. Glen est \u00e9galement pr\u00e9sident du comit\u00e9 de l\u2019industrie de DIC ainsi que responsable et animateur du cours de formation pour les professionnels de la vente offert par DIC. Fier porte-parole des designers et de la communaut\u00e9 du design, il est un ancien laur\u00e9at du Prix pour services distingu\u00e9s du DIC\u00a0\u2013 le prix le plus prestigieux que d\u00e9cerne DIC \u00e0 un particulier. \u00c0 l\u2019heure actuelle, Glen si\u00e8ge \u00e0 divers conseils et comit\u00e9s, y compris ceux du Retail Design Institute, du Coll\u00e8ge Sheridan et de DDA. Il est \u00e9galement auteur et instructeur pour les CEP du CECDI. Il participe activement aux expositions nationales DesignEX de DIC, \u00e0 la fois \u00e0 titre de conf\u00e9rencier, d\u2019animateur et de repr\u00e9sentant de DIC au stand de l\u2019association. Son entreprise, qui adh\u00e8re \u00e0 DIC \u00e0 titre de membre de l\u2019industrie, est une ardente d\u00e9fenseure de l\u2019association.<\/p>\n<p>[\/et_pb_team_member][et_pb_team_member image_url=\u00a0\u00bbhttps:\/\/idcanada.org\/wp-content\/uploads\/2022\/11\/Christine-e1667920759337.jpg\u00a0\u00bb admin_label=\u00a0\u00bbChristine Craik\u00a0\u00bb module_id=\u00a0\u00bbdirector2&Prime; _builder_version=\u00a0\u00bb4.19.2&Prime; custom_margin=\u00a0\u00bb||80px|\u00a0\u00bb hover_enabled=\u00a0\u00bb0&Prime; global_colors_info=\u00a0\u00bb{}\u00a0\u00bb sticky_enabled=\u00a0\u00bb0&Prime;]<\/p>\n<h5>ADMINISTRATRICE<\/h5>\n<h4>Christine Craik (BC)<\/h4>\n<p>Christine is a Professional and Registered Member of the Interior Designers of Canada and the IIDA, a Board-Certified Healthcare Interior Designer with the AAHID and a Certified Eden Associate, specializing in geriatric environments: senior living, long-term and complex care, multifamily and health and wellness projects. With 25 years of experience in the design industry, she has worked in both the US and Canada. As a guest lecturer for Senior Living Interior Design at the university level, a regular conference presenter and a recognized industry mentor and award juror, she is a regular contributor to thought leadership in environmental gerontology in this sector. Her current and recent design and peer-review work, both new construction and renovations, includes large- and small-scale senor living and healthcare projects in both the private and public sector. They include luxury independent living and assisted living, through to memory care, geriatric behavioral health, and long-term care communities, including fast-tracked projects with tight budgets. Above all, Christine strives to create communities where we can happily and healthfully live our best lives.<\/p>\n<p>[\/et_pb_team_member][et_pb_team_member image_url=\u00a0\u00bbhttps:\/\/idcanada.org\/wp-content\/uploads\/2021\/11\/63454914_r._sean_crawford_cropped.jpg\u00a0\u00bb admin_label=\u00a0\u00bbSean Crawford (AB)\u00a0\u00bb module_id=\u00a0\u00bbdirector3&Prime; _builder_version=\u00a0\u00bb4.19.2&Prime; custom_margin=\u00a0\u00bb||80px|\u00a0\u00bb hover_enabled=\u00a0\u00bb0&Prime; global_colors_info=\u00a0\u00bb{}\u00a0\u00bb sticky_enabled=\u00a0\u00bb0&Prime;]<\/p>\n<h5>ADMINISTRATEUR<\/h5>\n<h4>Sean Crawford (AB)<\/h4>\n<p>Sean vient d\u2019une famille d\u2019entrepreneurs et de constructeurs. Il a amorc\u00e9 sa carri\u00e8re sur les chantiers avant de devenir dessinateur puis responsable des devis. Apr\u00e8s la vente de l\u2019entreprise familiale, Sean\u00a0\u2013 qui travaillait \u00e0 l\u2019\u00e9poque pour un promoteur immobilier au Japon\u00a0\u2013 a pris la d\u00e9cision d\u2019entreprendre des \u00e9tudes en design d\u2019int\u00e9rieur. S\u2019\u00e9tant toujours int\u00e9ress\u00e9 \u00e0 la planification et au design, il a eu la chance d\u2019assister \u00e0 la concr\u00e9tisation de projets inspir\u00e9s de quelques-uns de ses dessins pendant qu\u2019il vivait encore au Japon. Sean a d\u2019abord examin\u00e9 la possibilit\u00e9 de se tourner vers l\u2019architecture, mais a finalement conclu que le niveau de d\u00e9tail et l\u2019interaction des espaces int\u00e9rieurs, qui constituent le pivot du design d\u2019int\u00e9rieur, lui convenaient davantage. Au cours des derni\u00e8res ann\u00e9es, il a travaill\u00e9 pour diverses entreprises, allant de microentreprises de design d\u2019int\u00e9rieur comptant deux employ\u00e9s \u00e0 de grandes entreprises d\u2019architecture et de design d\u2019int\u00e9rieur employant plus de 300\u00a0personnes. \u00c0 l\u2019heure actuelle, il est associ\u00e9 d\u2019un cabinet national d\u2019architecture et de design d\u2019int\u00e9rieur o\u00f9 il est responsable de l\u2019\u00e9quipe de designers d\u2019int\u00e9rieur. Fervent amateur de sports (enfants, danse, hockey, baseball, ski, golf), il a pass\u00e9 d\u2019innombrables heures durant les 15\u00a0derni\u00e8res ann\u00e9es dans des studios et des ar\u00e9nas, sur des terrains de baseball et de golf, et sur des pentes\u2026 ce dont il raffole.<\/p>\n<p>[\/et_pb_team_member][et_pb_team_member image_url=\u00a0\u00bbhttps:\/\/idcanada.org\/wp-content\/uploads\/2019\/09\/Jennifer-Greene_Resume-Headshot-sq.jpg\u00a0\u00bb admin_label=\u00a0\u00bbJennifer Greene (NB)\u00a0\u00bb module_id=\u00a0\u00bbdirector4&Prime; _builder_version=\u00a0\u00bb4.19.2&Prime; custom_margin=\u00a0\u00bb||80px|\u00a0\u00bb global_colors_info=\u00a0\u00bb{}\u00a0\u00bb]<\/p>\n<h5>ADMINISTRATRICE<\/h5>\n<h4><a href=\"https:\/\/idcanada.org\/fr\/conseil-dadministration\/#director4\">Jennifer Greene<\/a> (NB)<\/h4>\n<p>Depuis qu\u2019elle est toute jeune, Jennifer est profond\u00e9ment consciente du pouvoir que l\u2019espace exerce sur les individus et de l\u2019impact de l\u2019environnement sur les humains qui y vivent. \u00c9tant d\u2019instinct une fine observatrice et une personne d\u2019une grande sensibilit\u00e9 qui se laisse guider par ses \u00e9motions, elle accorde beaucoup d\u2019importance aux milieux, ce qui l\u2019a men\u00e9e vers la profession de designer d&rsquo;int\u00e9rieur. \u00c0 ce titre, elle d\u00e9finit le succ\u00e8s en tenant compte de la mesure dans laquelle l\u2019exercice de ses activit\u00e9s professionnelles contribue \u00e0 am\u00e9liorer les exp\u00e9riences des personnes \u00e0 l\u2019int\u00e9rieur des espaces. Jennifer a \u00e0 c\u0153ur de continuer inlassablement d\u2019accorder une attention particuli\u00e8re aux d\u00e9tails et de nouer des relations durables fond\u00e9es sur la confiance et le respect.<\/p>\n<p>[\/et_pb_team_member][et_pb_team_member image_url=\u00a0\u00bbhttps:\/\/idcanada.org\/wp-content\/uploads\/2019\/04\/TiiuPodma.jpg\u00a0\u00bb admin_label=\u00a0\u00bbTiiu Poldma\u00a0\u00bb module_id=\u00a0\u00bbdirector5&Prime; _builder_version=\u00a0\u00bb4.19.2&Prime; custom_margin=\u00a0\u00bb||80px|\u00a0\u00bb global_colors_info=\u00a0\u00bb{}\u00a0\u00bb]<\/p>\n<h5>ADMINISTRATRICE<\/h5>\n<h4>Tiiu Poldma (QC)<\/h4>\n<p>Dr. Tiiu Poldma, PhD. FDRS CFERDIE, IDEC, IDC, Designer d\u2019int\u00e9rieur certifi\u00e9 APDIQ\u00ae is full professor, School of Design (Universit\u00e9 de Montr\u00e9al), Director-FoCoLUM Lighting Lab\/GRID, CRIR regular researcher. She holds a BID, Ryerson (Honours), MA, McGill (Dean\u2019s Honour list) and PhD. (McGill), Fellow Design Research Society (2015), Compagnon FERDIE (2004). She is an award-winning certified professional interior designer with over 350 projects completed. She is co-recipient of CFI grant for innovation ( 3.65M$, 2006-2010),\u201cNouveau theatre de reelle\u201d and co-investigator\/executive member, RehabMALL Living Lab (2011 \u2013 2016, 1.4M$ awarded). She was Vice Dean, Graduate Studies (2006-2014) and Vice Dean Research (2006-2010), Faculty of Environmental Design (Universite de Montreal). Teaching\/research interests include understanding user experiences, adapting interiors for vulnerable people, colour, form and light modulations, design processes in theory\/practice, collaborative and participatory research approaches, and aging in the interior environment. Teaching responsibilities include course and supervision in baccalaureate\/masters programs, masters and doctoral student supervision. Service includes Site visitor CIDA ( 2000 \u2013 present), PEQAB consultation (Ontario) and VP Development and board member, IDC (1998-2002), DRS (2008-2017), IASDR (2009-2017). Currently APDIQ member (admissions and education committees), among multiple academic service activities.<\/p>\n<p>[\/et_pb_team_member][et_pb_team_member image_url=\u00a0\u00bbhttps:\/\/idcanada.org\/wp-content\/uploads\/2019\/04\/IDC-Headshots-Barbora-Krsiakova-1.jpg\u00a0\u00bb admin_label=\u00a0\u00bbDeborah Rutherford\u00a0\u00bb module_id=\u00a0\u00bbdirector6&Prime; _builder_version=\u00a0\u00bb4.19.2&Prime; custom_margin=\u00a0\u00bb||80px|\u00a0\u00bb global_colors_info=\u00a0\u00bb{}\u00a0\u00bb]<\/p>\n<h5>ADMINISTRATRICE<\/h5>\n<h4>Deborah Rutherford (ON)<\/h4>\n<p>Deborah Rutherford est la pr\u00e9sidente sortante de l\u2019ARIDO et elle a si\u00e9g\u00e9 \u00e0 de nombreux comit\u00e9s pour son association provinciale ainsi que pour d\u2019autres organismes li\u00e9s \u00e0 l\u2019industrie. Au cours de sa carri\u00e8re \u00e9chelonn\u00e9e sur plus de quatre d\u00e9cennies, elle a travaill\u00e9 principalement dans les secteurs de l\u2019am\u00e9nagement de bureaux de grandes soci\u00e9t\u00e9s et des soins de sant\u00e9 pour le compte de firmes de consultation de toutes tailles : des petites agences de design aux grandes soci\u00e9t\u00e9s multinationales. Elle travaille actuellement pour une entreprise fournissant des services immobiliers partout au Canada, \u00e0 d\u00e9velopper des strat\u00e9gies en milieu de travail qui permettent aux clients de r\u00e9agir plus promptement, ainsi qu\u2019\u00e0 effectuer des revues des codes du b\u00e2timent.<\/p>\n<p>[\/et_pb_team_member][et_pb_text admin_label=\u00a0\u00bbMEMBRES FONDATEURS DE DIC\u00a0\u00bb _builder_version=\u00a0\u00bb4.16&Prime; global_colors_info=\u00a0\u00bb{}\u00a0\u00bb]<\/p>\n<h4>MEMBRES FONDATEURS DE DIC<\/h4>\n<p>Jack Bell (ON)<br \/>Doris Hasell (SK)<br \/>David Treusch (MB)<br \/>Tomislav Cerkvenac (AB)<br \/>Michele McLoughlin Guest (BC)<br \/>Andr\u00e9 Dubois (QC)<br \/>Maryla Szymanski (NS)<\/p>\n<p>[\/et_pb_text][\/et_pb_column][\/et_pb_row][\/et_pb_section]<\/p>\n","protected":false},"excerpt":{"rendered":"<p>\u00c0 titre d\u2019organisme, DIC se doit de s\u2019assurer que son conseil repr\u00e9sente l\u2019industrie du design d\u2019int\u00e9rieur en ce qui a trait \u00e0 la diversit\u00e9 d\u2019exp\u00e9rience et de culture, d\u2019\u00e2ge et [&hellip;]<\/p>\n","protected":false},"author":1,"featured_media":0,"parent":0,"menu_order":2,"comment_status":"closed","ping_status":"closed","template":"","meta":{"_bbp_topic_count":0,"_bbp_reply_count":0,"_bbp_total_topic_count":0,"_bbp_total_reply_count":0,"_bbp_voice_count":0,"_bbp_anonymous_reply_count":0,"_bbp_topic_count_hidden":0,"_bbp_reply_count_hidden":0,"_bbp_forum_subforum_count":0,"_et_pb_use_builder":"on","_et_pb_old_content":"","_et_gb_content_width":"","_exactmetrics_skip_tracking":false,"_exactmetrics_sitenote_active":false,"_exactmetrics_sitenote_note":"","_exactmetrics_sitenote_category":0,"_price":"","_stock":"","_tribe_ticket_header":"","_tribe_default_ticket_provider":"","_tribe_ticket_capacity":"0","_ticket_start_date":"","_ticket_end_date":"","_tribe_ticket_show_description":"","_tribe_ticket_show_not_going":false,"_tribe_ticket_use_global_stock":"","_tribe_ticket_global_stock_level":"","_global_stock_mode":"","_global_stock_cap":"","_tribe_rsvp_for_event":"","_tribe_ticket_going_count":"","_tribe_ticket_not_going_count":"","_tribe_tickets_list":"[]","_tribe_ticket_has_attendee_info_fields":false,"footnotes":"","_tec_slr_enabled":"","_tec_slr_layout":""},"class_list":["post-730","page","type-page","status-publish","hentry"],"ticketed":false,"_links":{"self":[{"href":"https:\/\/idcanada.org\/fr\/wp-json\/wp\/v2\/pages\/730","targetHints":{"allow":["GET"]}}],"collection":[{"href":"https:\/\/idcanada.org\/fr\/wp-json\/wp\/v2\/pages"}],"about":[{"href":"https:\/\/idcanada.org\/fr\/wp-json\/wp\/v2\/types\/page"}],"author":[{"embeddable":true,"href":"https:\/\/idcanada.org\/fr\/wp-json\/wp\/v2\/users\/1"}],"replies":[{"embeddable":true,"href":"https:\/\/idcanada.org\/fr\/wp-json\/wp\/v2\/comments?post=730"}],"version-history":[{"count":10,"href":"https:\/\/idcanada.org\/fr\/wp-json\/wp\/v2\/pages\/730\/revisions"}],"predecessor-version":[{"id":11621,"href":"https:\/\/idcanada.org\/fr\/wp-json\/wp\/v2\/pages\/730\/revisions\/11621"}],"wp:attachment":[{"href":"https:\/\/idcanada.org\/fr\/wp-json\/wp\/v2\/media?parent=730"}],"curies":[{"name":"wp","href":"https:\/\/api.w.org\/{rel}","templated":true}]}}